{"id":90,"date":"2020-03-24T17:24:52","date_gmt":"2020-03-24T17:24:52","guid":{"rendered":"https:\/\/klarsichtreinigung.de\/?page_id=90"},"modified":"2020-03-27T19:33:51","modified_gmt":"2020-03-27T19:33:51","slug":"ueber-uns","status":"publish","type":"page","link":"https:\/\/klarsichtreinigung.de\/?page_id=90","title":{"rendered":"\u00dcber uns"},"content":{"rendered":"\t\t<div data-elementor-type=\"wp-page\" data-elementor-id=\"90\" class=\"elementor elementor-90\">\n\t\t\t\t\t\t<div class=\"elementor-inner\">\n\t\t\t\t<div class=\"elementor-section-wrap\">\n\t\t\t\t\t\t\t\t\t<section class=\"elementor-section elementor-top-section elementor-element elementor-element-e059d7e elementor-section-boxed elementor-section-height-default elementor-section-height-default\" data-id=\"e059d7e\" data-element_type=\"section\">\n\t\t\t\t\t\t<div class=\"elementor-container elementor-column-gap-default\">\n\t\t\t\t\t\t\t<div class=\"elementor-row\">\n\t\t\t\t\t<div class=\"elementor-column elementor-col-50 elementor-top-column elementor-element elementor-element-2d72800\" data-id=\"2d72800\" data-element_type=\"column\">\n\t\t\t<div class=\"elementor-column-wrap elementor-element-populated\">\n\t\t\t\t\t\t\t<div class=\"elementor-widget-wrap\">\n\t\t\t\t\t\t<div class=\"elementor-element elementor-element-041447d elementor-widget elementor-widget-text-editor\" data-id=\"041447d\" data-element_type=\"widget\" data-widget_type=\"text-editor.default\">\n\t\t\t\t<div class=\"elementor-widget-container\">\n\t\t\t\t\t\t\t\t<div class=\"elementor-text-editor elementor-clearfix\">\n\t\t\t\t<p class=\"_04xlpA direction-ltr align-start para-style-body\"><span class=\"JsGRdQ\">Unser\u00a0Ziel ist ihre Sauberkeit.<\/span><\/p><p class=\"_04xlpA direction-ltr align-start para-style-body\"><span class=\"JsGRdQ\">Denn der erste Eindruck ist am wichtigsten. Wir sorgen mit unserem professionellem Team und ausgebildeten Reinigungskr\u00e4ften f\u00fcr einen rundum reibungslosen und sauberen Ablauf.<\/span><\/p><p class=\"_04xlpA direction-ltr align-start para-style-body\"><span class=\"JsGRdQ\">Von B\u00fcroreinigung bis Sportanlagenreinigung. So k\u00f6nnen wir von A bis Z den gesamten Ablauf ihres Facility Managements \u00fcbernehmen und koordinieren. Damit Sie eine Sorge weniger haben.<\/span><\/p><p class=\"_04xlpA direction-ltr align-start para-style-body\"><span class=\"JsGRdQ\">Denn unser Motto lautet:<\/span><\/p><p class=\"_04xlpA direction-ltr align-start para-style-body\"><span class=\"JsGRdQ\">Keep it simple.<\/span><\/p><p class=\"_04xlpA direction-ltr align-start para-style-body\"><span class=\"JsGRdQ\">Keep it clean.<\/span><\/p>\t\t\t\t\t<\/div>\n\t\t\t\t\t\t<\/div>\n\t\t\t\t<\/div>\n\t\t\t\t\t\t<\/div>\n\t\t\t\t\t<\/div>\n\t\t<\/div>\n\t\t\t\t<div class=\"elementor-column elementor-col-50 elementor-top-column elementor-element elementor-element-cd4cca9\" data-id=\"cd4cca9\" data-element_type=\"column\">\n\t\t\t<div class=\"elementor-column-wrap elementor-element-populated\">\n\t\t\t\t\t\t\t<div class=\"elementor-widget-wrap\">\n\t\t\t\t\t\t<div class=\"elementor-element elementor-element-9b7c7c5 elementor-widget elementor-widget-image\" data-id=\"9b7c7c5\" data-element_type=\"widget\" data-widget_type=\"image.default\">\n\t\t\t\t<div class=\"elementor-widget-container\">\n\t\t\t\t\t\t\t\t<div class=\"elementor-image\">\n\t\t\t\t\t\t\t\t\t\t\t\t<img width=\"1024\" height=\"683\" src=\"https:\/\/klarsichtreinigung.de\/wp-content\/uploads\/2020\/03\/gianandrea-villa-8ITtmSyuabY-unsplash-1024x683.jpg\" class=\"attachment-large size-large\" alt=\"\" loading=\"lazy\" srcset=\"https:\/\/klarsichtreinigung.de\/wp-content\/uploads\/2020\/03\/gianandrea-villa-8ITtmSyuabY-unsplash-1024x683.jpg 1024w, https:\/\/klarsichtreinigung.de\/wp-content\/uploads\/2020\/03\/gianandrea-villa-8ITtmSyuabY-unsplash-300x200.jpg 300w, https:\/\/klarsichtreinigung.de\/wp-content\/uploads\/2020\/03\/gianandrea-villa-8ITtmSyuabY-unsplash-768x512.jpg 768w, https:\/\/klarsichtreinigung.de\/wp-content\/uploads\/2020\/03\/gianandrea-villa-8ITtmSyuabY-unsplash-930x620.jpg 930w\" sizes=\"(max-width: 1024px) 100vw, 1024px\" \/>\t\t\t\t\t\t\t\t\t\t\t\t\t\t<\/div>\n\t\t\t\t\t\t<\/div>\n\t\t\t\t<\/div>\n\t\t\t\t\t\t<\/div>\n\t\t\t\t\t<\/div>\n\t\t<\/div>\n\t\t\t\t\t\t\t\t<\/div>\n\t\t\t\t\t<\/div>\n\t\t<\/section>\n\t\t\t\t<section class=\"elementor-section elementor-top-section elementor-element elementor-element-1044ee9 elementor-section-boxed elementor-section-height-default elementor-section-height-default\" data-id=\"1044ee9\" data-element_type=\"section\" data-settings=\"{&quot;background_background&quot;:&quot;classic&quot;}\">\n\t\t\t\t\t\t<div class=\"elementor-container elementor-column-gap-default\">\n\t\t\t\t\t\t\t<div class=\"elementor-row\">\n\t\t\t\t\t<div class=\"elementor-column elementor-col-100 elementor-top-column elementor-element elementor-element-8bb147c\" data-id=\"8bb147c\" data-element_type=\"column\">\n\t\t\t<div class=\"elementor-column-wrap elementor-element-populated\">\n\t\t\t\t\t\t\t<div class=\"elementor-widget-wrap\">\n\t\t\t\t\t\t<div class=\"elementor-element elementor-element-4c1b5c1 elementor-widget elementor-widget-heading\" data-id=\"4c1b5c1\" data-element_type=\"widget\" data-widget_type=\"heading.default\">\n\t\t\t\t<div class=\"elementor-widget-container\">\n\t\t\t<h2 class=\"elementor-heading-title elementor-size-default\">Was k\u00f6nnen wir f\u00fcr Sie tun?<\/h2>\t\t<\/div>\n\t\t\t\t<\/div>\n\t\t\t\t<div class=\"elementor-element elementor-element-fa38710 elementor-widget elementor-widget-text-editor\" data-id=\"fa38710\" data-element_type=\"widget\" data-widget_type=\"text-editor.default\">\n\t\t\t\t<div class=\"elementor-widget-container\">\n\t\t\t\t\t\t\t\t<div class=\"elementor-text-editor elementor-clearfix\">\n\t\t\t\t<p>F\u00fcr ein kostenloses Erstgespr\u00e4ch rufen Sie uns gerne an, oder schreiben Sie uns eine E-Mail.<\/p>\t\t\t\t\t<\/div>\n\t\t\t\t\t\t<\/div>\n\t\t\t\t<\/div>\n\t\t\t\t<div class=\"elementor-element elementor-element-c367055 elementor-align-center elementor-mobile-align-justify elementor-widget elementor-widget-button\" data-id=\"c367055\" data-element_type=\"widget\" data-widget_type=\"button.default\">\n\t\t\t\t<div class=\"elementor-widget-container\">\n\t\t\t\t\t<div class=\"elementor-button-wrapper\">\n\t\t\t<a href=\"https:\/\/klarsichtreinigung.de\/?page_id=32\" class=\"elementor-button-link elementor-button elementor-size-lg\" role=\"button\">\n\t\t\t\t\t\t<span class=\"elementor-button-content-wrapper\">\n\t\t\t\t\t\t<span class=\"elementor-button-text\">Kontakt<\/span>\n\t\t<\/span>\n\t\t\t\t\t<\/a>\n\t\t<\/div>\n\t\t\t\t<\/div>\n\t\t\t\t<\/div>\n\t\t\t\t\t\t<\/div>\n\t\t\t\t\t<\/div>\n\t\t<\/div>\n\t\t\t\t\t\t\t\t<\/div>\n\t\t\t\t\t<\/div>\n\t\t<\/section>\n\t\t\t\t\t\t\t\t\t<\/div>\n\t\t\t<\/div>\n\t\t\t\t\t<\/div>\n\t\t","protected":false},"excerpt":{"rendered":"<p>Unser&nbsp;Ziel ist ihre Sauberkeit. Denn der erste Eindruck ist am wichtigsten. Wir sorgen mit unserem professionellem Team und ausgebildeten Reinigungskr\u00e4ften f\u00fcr einen rundum reibungslosen und sauberen Ablauf. Von B\u00fcroreinigung bis Sportanlagenreinigung. So k\u00f6nnen wir von A bis Z den gesamten Ablauf ihres Facility Managements \u00fcbernehmen und koordinieren. Damit Sie eine Sorge weniger haben. Denn unser&hellip;&nbsp;<a href=\"https:\/\/klarsichtreinigung.de\/?page_id=90\" class=\"\" rel=\"bookmark\">Weiterlesen &raquo;<span class=\"screen-reader-text\">\u00dcber uns<\/span><\/a><\/p>\n","protected":false},"author":1,"featured_media":0,"parent":0,"menu_order":0,"comment_status":"closed","ping_status":"closed","template":"page-templates\/template-pagebuilder-full-width.php","meta":{"_monsterinsights_skip_tracking":false,"_monsterinsights_sitenote_active":false,"_monsterinsights_sitenote_note":"","_monsterinsights_sitenote_category":0,"neve_meta_sidebar":"full-width","neve_meta_container":"","neve_meta_enable_content_width":"on","neve_meta_content_width":100,"neve_meta_title_alignment":"","neve_meta_author_avatar":"","neve_post_elements_order":"","neve_meta_disable_header":"","neve_meta_disable_footer":"","neve_meta_disable_title":""},"yoast_head":"<!-- This site is optimized with the Yoast SEO plugin v19.8 - https:\/\/yoast.com\/wordpress\/plugins\/seo\/ -->\n<title>\u00dcber uns - Klarsichtreinigung<\/title>\n<meta name=\"robots\" content=\"index, follow, max-snippet:-1, max-image-preview:large, max-video-preview:-1\" \/>\n<link rel=\"canonical\" href=\"https:\/\/klarsichtreinigung.de\/?page_id=90\" \/>\n<meta property=\"og:locale\" content=\"de_DE\" \/>\n<meta property=\"og:type\" content=\"article\" \/>\n<meta property=\"og:title\" content=\"\u00dcber uns - Klarsichtreinigung\" \/>\n<meta property=\"og:description\" content=\"Unser&nbsp;Ziel ist ihre Sauberkeit. Denn der erste Eindruck ist am wichtigsten. Wir sorgen mit unserem professionellem Team und ausgebildeten Reinigungskr\u00e4ften f\u00fcr einen rundum reibungslosen und sauberen Ablauf. Von B\u00fcroreinigung bis Sportanlagenreinigung. So k\u00f6nnen wir von A bis Z den gesamten Ablauf ihres Facility Managements \u00fcbernehmen und koordinieren. Damit Sie eine Sorge weniger haben. Denn unser&hellip;&nbsp;Weiterlesen &raquo;\u00dcber uns\" \/>\n<meta property=\"og:url\" content=\"https:\/\/klarsichtreinigung.de\/?page_id=90\" \/>\n<meta property=\"og:site_name\" content=\"Klarsichtreinigung\" \/>\n<meta property=\"article:modified_time\" content=\"2020-03-27T19:33:51+00:00\" \/>\n<meta property=\"og:image\" content=\"https:\/\/klarsichtreinigung.de\/wp-content\/uploads\/2020\/03\/gianandrea-villa-8ITtmSyuabY-unsplash-1024x683.jpg\" \/>\n<meta name=\"twitter:card\" content=\"summary_large_image\" \/>\n<script type=\"application\/ld+json\" class=\"yoast-schema-graph\">{\"@context\":\"https:\/\/schema.org\",\"@graph\":[{\"@type\":\"WebPage\",\"@id\":\"https:\/\/klarsichtreinigung.de\/?page_id=90\",\"url\":\"https:\/\/klarsichtreinigung.de\/?page_id=90\",\"name\":\"\u00dcber uns - Klarsichtreinigung\",\"isPartOf\":{\"@id\":\"https:\/\/klarsichtreinigung.de\/#website\"},\"datePublished\":\"2020-03-24T17:24:52+00:00\",\"dateModified\":\"2020-03-27T19:33:51+00:00\",\"breadcrumb\":{\"@id\":\"https:\/\/klarsichtreinigung.de\/?page_id=90#breadcrumb\"},\"inLanguage\":\"de\",\"potentialAction\":[{\"@type\":\"ReadAction\",\"target\":[\"https:\/\/klarsichtreinigung.de\/?page_id=90\"]}]},{\"@type\":\"BreadcrumbList\",\"@id\":\"https:\/\/klarsichtreinigung.de\/?page_id=90#breadcrumb\",\"itemListElement\":[{\"@type\":\"ListItem\",\"position\":1,\"name\":\"Startseite\",\"item\":\"https:\/\/klarsichtreinigung.de\/\"},{\"@type\":\"ListItem\",\"position\":2,\"name\":\"\u00dcber uns\"}]},{\"@type\":\"WebSite\",\"@id\":\"https:\/\/klarsichtreinigung.de\/#website\",\"url\":\"https:\/\/klarsichtreinigung.de\/\",\"name\":\"Klarsichtreinigung\",\"description\":\"Wir schaffen Klarheit\",\"publisher\":{\"@id\":\"https:\/\/klarsichtreinigung.de\/#organization\"},\"potentialAction\":[{\"@type\":\"SearchAction\",\"target\":{\"@type\":\"EntryPoint\",\"urlTemplate\":\"https:\/\/klarsichtreinigung.de\/?s={search_term_string}\"},\"query-input\":\"required name=search_term_string\"}],\"inLanguage\":\"de\"},{\"@type\":\"Organization\",\"@id\":\"https:\/\/klarsichtreinigung.de\/#organization\",\"name\":\"Klarsichtreinigung\",\"url\":\"https:\/\/klarsichtreinigung.de\/\",\"sameAs\":[],\"logo\":{\"@type\":\"ImageObject\",\"inLanguage\":\"de\",\"@id\":\"https:\/\/klarsichtreinigung.de\/#\/schema\/logo\/image\/\",\"url\":\"https:\/\/klarsichtreinigung.de\/wp-content\/uploads\/2020\/03\/cropped-Element-1@4x.png\",\"contentUrl\":\"https:\/\/klarsichtreinigung.de\/wp-content\/uploads\/2020\/03\/cropped-Element-1@4x.png\",\"width\":2952,\"height\":2952,\"caption\":\"Klarsichtreinigung\"},\"image\":{\"@id\":\"https:\/\/klarsichtreinigung.de\/#\/schema\/logo\/image\/\"}}]}<\/script>\n<!-- \/ Yoast SEO plugin. -->","yoast_head_json":{"title":"\u00dcber uns - Klarsichtreinigung","robots":{"index":"index","follow":"follow","max-snippet":"max-snippet:-1","max-image-preview":"max-image-preview:large","max-video-preview":"max-video-preview:-1"},"canonical":"https:\/\/klarsichtreinigung.de\/?page_id=90","og_locale":"de_DE","og_type":"article","og_title":"\u00dcber uns - Klarsichtreinigung","og_description":"Unser&nbsp;Ziel ist ihre Sauberkeit. Denn der erste Eindruck ist am wichtigsten. Wir sorgen mit unserem professionellem Team und ausgebildeten Reinigungskr\u00e4ften f\u00fcr einen rundum reibungslosen und sauberen Ablauf. Von B\u00fcroreinigung bis Sportanlagenreinigung. So k\u00f6nnen wir von A bis Z den gesamten Ablauf ihres Facility Managements \u00fcbernehmen und koordinieren. Damit Sie eine Sorge weniger haben. Denn unser&hellip;&nbsp;Weiterlesen &raquo;\u00dcber uns","og_url":"https:\/\/klarsichtreinigung.de\/?page_id=90","og_site_name":"Klarsichtreinigung","article_modified_time":"2020-03-27T19:33:51+00:00","og_image":[{"url":"https:\/\/klarsichtreinigung.de\/wp-content\/uploads\/2020\/03\/gianandrea-villa-8ITtmSyuabY-unsplash-1024x683.jpg"}],"twitter_card":"summary_large_image","schema":{"@context":"https:\/\/schema.org","@graph":[{"@type":"WebPage","@id":"https:\/\/klarsichtreinigung.de\/?page_id=90","url":"https:\/\/klarsichtreinigung.de\/?page_id=90","name":"\u00dcber uns - Klarsichtreinigung","isPartOf":{"@id":"https:\/\/klarsichtreinigung.de\/#website"},"datePublished":"2020-03-24T17:24:52+00:00","dateModified":"2020-03-27T19:33:51+00:00","breadcrumb":{"@id":"https:\/\/klarsichtreinigung.de\/?page_id=90#breadcrumb"},"inLanguage":"de","potentialAction":[{"@type":"ReadAction","target":["https:\/\/klarsichtreinigung.de\/?page_id=90"]}]},{"@type":"BreadcrumbList","@id":"https:\/\/klarsichtreinigung.de\/?page_id=90#breadcrumb","itemListElement":[{"@type":"ListItem","position":1,"name":"Startseite","item":"https:\/\/klarsichtreinigung.de\/"},{"@type":"ListItem","position":2,"name":"\u00dcber uns"}]},{"@type":"WebSite","@id":"https:\/\/klarsichtreinigung.de\/#website","url":"https:\/\/klarsichtreinigung.de\/","name":"Klarsichtreinigung","description":"Wir schaffen Klarheit","publisher":{"@id":"https:\/\/klarsichtreinigung.de\/#organization"},"potentialAction":[{"@type":"SearchAction","target":{"@type":"EntryPoint","urlTemplate":"https:\/\/klarsichtreinigung.de\/?s={search_term_string}"},"query-input":"required name=search_term_string"}],"inLanguage":"de"},{"@type":"Organization","@id":"https:\/\/klarsichtreinigung.de\/#organization","name":"Klarsichtreinigung","url":"https:\/\/klarsichtreinigung.de\/","sameAs":[],"logo":{"@type":"ImageObject","inLanguage":"de","@id":"https:\/\/klarsichtreinigung.de\/#\/schema\/logo\/image\/","url":"https:\/\/klarsichtreinigung.de\/wp-content\/uploads\/2020\/03\/cropped-Element-1@4x.png","contentUrl":"https:\/\/klarsichtreinigung.de\/wp-content\/uploads\/2020\/03\/cropped-Element-1@4x.png","width":2952,"height":2952,"caption":"Klarsichtreinigung"},"image":{"@id":"https:\/\/klarsichtreinigung.de\/#\/schema\/logo\/image\/"}}]}},"_links":{"self":[{"href":"https:\/\/klarsichtreinigung.de\/index.php?rest_route=\/wp\/v2\/pages\/90"}],"collection":[{"href":"https:\/\/klarsichtreinigung.de\/index.php?rest_route=\/wp\/v2\/pages"}],"about":[{"href":"https:\/\/klarsichtreinigung.de\/index.php?rest_route=\/wp\/v2\/types\/page"}],"author":[{"embeddable":true,"href":"https:\/\/klarsichtreinigung.de\/index.php?rest_route=\/wp\/v2\/users\/1"}],"replies":[{"embeddable":true,"href":"https:\/\/klarsichtreinigung.de\/index.php?rest_route=%2Fwp%2Fv2%2Fcomments&post=90"}],"version-history":[{"count":5,"href":"https:\/\/klarsichtreinigung.de\/index.php?rest_route=\/wp\/v2\/pages\/90\/revisions"}],"predecessor-version":[{"id":139,"href":"https:\/\/klarsichtreinigung.de\/index.php?rest_route=\/wp\/v2\/pages\/90\/revisions\/139"}],"wp:attachment":[{"href":"https:\/\/klarsichtreinigung.de\/index.php?rest_route=%2Fwp%2Fv2%2Fmedia&parent=90"}],"curies":[{"name":"wp","href":"https:\/\/api.w.org\/{rel}","templated":true}]}}