{"id":79,"date":"2020-03-24T16:35:42","date_gmt":"2020-03-24T16:35:42","guid":{"rendered":"https:\/\/klarsichtreinigung.de\/?page_id=79"},"modified":"2020-03-28T13:50:31","modified_gmt":"2020-03-28T13:50:31","slug":"impressum","status":"publish","type":"page","link":"https:\/\/klarsichtreinigung.de\/?page_id=79","title":{"rendered":"Impressum"},"content":{"rendered":"\t\t<div data-elementor-type=\"wp-page\" data-elementor-id=\"79\" class=\"elementor elementor-79\">\n\t\t\t\t\t\t<div class=\"elementor-inner\">\n\t\t\t\t<div class=\"elementor-section-wrap\">\n\t\t\t\t\t\t\t\t\t<section class=\"elementor-section elementor-top-section elementor-element elementor-element-c52fd7e elementor-section-boxed elementor-section-height-default elementor-section-height-default\" data-id=\"c52fd7e\" data-element_type=\"section\">\n\t\t\t\t\t\t<div class=\"elementor-container elementor-column-gap-default\">\n\t\t\t\t\t\t\t<div class=\"elementor-row\">\n\t\t\t\t\t<div class=\"elementor-column elementor-col-100 elementor-top-column elementor-element elementor-element-3876a41\" data-id=\"3876a41\" data-element_type=\"column\">\n\t\t\t<div class=\"elementor-column-wrap elementor-element-populated\">\n\t\t\t\t\t\t\t<div class=\"elementor-widget-wrap\">\n\t\t\t\t\t\t<div class=\"elementor-element elementor-element-f2082d7 elementor-widget elementor-widget-heading\" data-id=\"f2082d7\" data-element_type=\"widget\" data-widget_type=\"heading.default\">\n\t\t\t\t<div class=\"elementor-widget-container\">\n\t\t\t<h2 class=\"elementor-heading-title elementor-size-default\">Impressum<\/h2>\t\t<\/div>\n\t\t\t\t<\/div>\n\t\t\t\t\t\t<\/div>\n\t\t\t\t\t<\/div>\n\t\t<\/div>\n\t\t\t\t\t\t\t\t<\/div>\n\t\t\t\t\t<\/div>\n\t\t<\/section>\n\t\t\t\t<section class=\"elementor-section elementor-top-section elementor-element elementor-element-62c7ecd elementor-section-boxed elementor-section-height-default elementor-section-height-default\" data-id=\"62c7ecd\" data-element_type=\"section\">\n\t\t\t\t\t\t<div class=\"elementor-container elementor-column-gap-default\">\n\t\t\t\t\t\t\t<div class=\"elementor-row\">\n\t\t\t\t\t<div class=\"elementor-column elementor-col-100 elementor-top-column elementor-element elementor-element-ea1f94e\" data-id=\"ea1f94e\" data-element_type=\"column\">\n\t\t\t<div class=\"elementor-column-wrap elementor-element-populated\">\n\t\t\t\t\t\t\t<div class=\"elementor-widget-wrap\">\n\t\t\t\t\t\t<div class=\"elementor-element elementor-element-3198391 elementor-widget elementor-widget-text-editor\" data-id=\"3198391\" data-element_type=\"widget\" data-widget_type=\"text-editor.default\">\n\t\t\t\t<div class=\"elementor-widget-container\">\n\t\t\t\t\t\t\t\t<div class=\"elementor-text-editor elementor-clearfix\">\n\t\t\t\t<h1 style=\"letter-spacing: normal; box-sizing: inherit; font-size: 1.875rem; margin-bottom: 0.75em; clear: both; line-height: 1.4; font-weight: 300; caret-color: #333333; color: #333333; font-family: 'Libre Franklin', 'Helvetica Neue', helvetica, arial, sans-serif;\">Impressum<\/h1><h1 style=\"letter-spacing: normal; box-sizing: inherit; font-size: 1.875rem; margin-bottom: 0.75em; clear: both; line-height: 1.4; font-weight: 300; caret-color: #333333; color: #333333; font-family: 'Libre Franklin', 'Helvetica Neue', helvetica, arial, sans-serif;\"><span style=\"font-weight: bold; font-size: 16px;\">Klarsichtreinigung ist eine Dienstleistung der Firma Loftprojektbau GmbH<\/span><\/h1><div>\u00a0<\/div><div>Loftprojektbau GmbH<\/div><div>Theodor-Yorck-Stra\u00dfe 4<\/div><div>21079 Hamburg<\/div><div>\u00a0<\/div><div>Mobil: +49 176 805 57 305<\/div><div><a href=\"mailto:info@loftprojektbau.de\">info@loftprojektbau.de<\/a><\/div><div>\u00a0<\/div><div>Allein-Vertretungsberechtiger Gesch\u00e4ftsf\u00fchrer: Engin Baris<\/div><div>Handelsregister: Amtsgericht Hamburg, HRB 155284<\/div><div>Steuer-Nr.: 47\/740\/01609<\/div><div>Umsatzsteuer-Identifikationsnummer gem\u00e4\u00df \u00a7 27a Umsatzsteuergesetz: DE (auf Anfrage)<\/div><p style=\"box-sizing: inherit; margin-bottom: 1.5em; caret-color: #333333; color: #333333; font-family: 'Libre Franklin', 'Helvetica Neue', helvetica, arial, sans-serif;\"><span style=\"box-sizing: inherit; font-weight: bold;\"><br style=\"box-sizing: inherit;\" \/><\/span><br style=\"box-sizing: inherit;\" \/><br style=\"box-sizing: inherit;\" \/>E-Mail:\u00a0<a style=\"box-sizing: inherit; background-color: transparent; text-decoration-skip: objects; color: #222222; -webkit-box-shadow: #0f0f0f 0px -1px 0px inset; box-shadow: #0f0f0f 0px -1px 0px inset; transition: color 80ms ease-in, box-shadow 130ms ease-in-out, -webkit-box-shadow 130ms ease-in-out;\" href=\"mailto:info@azubihilfe.de\">info@klarsichtreinigung.de<\/a><\/p><hr style=\"box-sizing: content-box; height: 1px; overflow: visible; background-color: #bbbbbb; border-width: 0px; margin-bottom: 1.5em; margin-left: auto; margin-right: auto; max-width: 100px; caret-color: #333333; color: #333333; font-family: 'Libre Franklin', 'Helvetica Neue', helvetica, arial, sans-serif;\" \/><p style=\"box-sizing: inherit; margin-bottom: 1.5em; caret-color: #333333; color: #333333; font-family: 'Libre Franklin', 'Helvetica Neue', helvetica, arial, sans-serif;\"><span style=\"box-sizing: inherit; font-weight: bold;\">Haftung:<\/span><br style=\"box-sizing: inherit;\" \/>Geb\u00e4udedienstleistung- und reinigung<\/p><p style=\"box-sizing: inherit; margin-bottom: 1.5em; caret-color: #333333; color: #333333; font-family: 'Libre Franklin', 'Helvetica Neue', helvetica, arial, sans-serif;\"><span style=\"font-weight: bold;\">Inhaltlich Verantwortlicher gem\u00e4\u00df \u00a7 10<\/span><\/p><div>Loftprojektbau GmbH<\/div><div>Theodor-Yorck-Stra\u00dfe 4<\/div><div>21079 Hamburg<\/div><div>\u00a0<\/div><div>Mobil: +49 176 805 57 305<\/div><div><a href=\"mailto:info@loftprojektbau.de\">info@loftprojektbau.de<\/a><\/div><div>\u00a0<\/div><p style=\"box-sizing: inherit; margin-bottom: 1.5em; caret-color: #333333; color: #333333; font-family: 'Libre Franklin', 'Helvetica Neue', helvetica, arial, sans-serif;\"><span style=\"box-sizing: inherit; font-weight: bold;\">Realisierung der Website:<\/span>\u00a0<br style=\"box-sizing: inherit;\" \/>Beratung \/ Inhaltliche Betreuung, Programmierung:\u00a0<\/p><p style=\"box-sizing: inherit; margin-bottom: 1.5em; caret-color: #333333; color: #333333; font-family: 'Libre Franklin', 'Helvetica Neue', helvetica, arial, sans-serif;\">beyondlandsmedia@gmail.com<\/p><hr style=\"box-sizing: content-box; height: 1px; overflow: visible; background-color: #bbbbbb; border-width: 0px; margin-bottom: 1.5em; margin-left: auto; margin-right: auto; max-width: 100px; caret-color: #333333; color: #333333; font-family: 'Libre Franklin', 'Helvetica Neue', helvetica, arial, sans-serif;\" \/><p style=\"box-sizing: inherit; margin-bottom: 1.5em; caret-color: #333333; color: #333333; font-family: 'Libre Franklin', 'Helvetica Neue', helvetica, arial, sans-serif;\"><span style=\"box-sizing: inherit; font-weight: bold;\"><br style=\"box-sizing: inherit;\" \/>Haftungshinweis und Copyright:<br style=\"box-sizing: inherit;\" \/><br style=\"box-sizing: inherit;\" \/><\/span>Alle Rechte vorbehalten. Texte, Bilder, Grafiken und Animationen unterliegen dem Schutz des Urheberrechts und anderer Schutzgesetze. Der Inhalt dieser Website darf nicht zu kommerziellen Zwecke verbreitet oder Dritten zug\u00e4nglich gemacht werden. Irrt\u00fcmer und \u00c4nderungen vorbehalten. Weiterhin m\u00f6chten wir ausdr\u00fccklich betonen, dass wir keinerlei Einfluss auf die Gestaltung und die Inhalte der gelinkten Seiten haben. Deshalb distanzieren wir uns hiermit ausdr\u00fccklich von allen Inhalten aller gelinkten Seiten auf der gesamten Webseite inkl. aller Unterseiten.\u00a0<\/p><p style=\"box-sizing: inherit; margin-bottom: 1.5em; caret-color: #333333; color: #333333; font-family: 'Libre Franklin', 'Helvetica Neue', helvetica, arial, sans-serif;\">Diese Erkl\u00e4rung gilt f\u00fcr alle auf der Homepage ausgebrachten Links und f\u00fcr alle Inhalte der Seiten, zu denen Links oder Banner f\u00fchren. Sollten Inhalte dieser Internetangebote gegen geltendes Urheberrecht oder das Markengesetz versto\u00dfen, werden diese auf Hinweis schnellstm\u00f6glich entfernt.<\/p>\t\t\t\t\t<\/div>\n\t\t\t\t\t\t<\/div>\n\t\t\t\t<\/div>\n\t\t\t\t\t\t<\/div>\n\t\t\t\t\t<\/div>\n\t\t<\/div>\n\t\t\t\t\t\t\t\t<\/div>\n\t\t\t\t\t<\/div>\n\t\t<\/section>\n\t\t\t\t\t\t\t\t\t<\/div>\n\t\t\t<\/div>\n\t\t\t\t\t<\/div>\n\t\t","protected":false},"excerpt":{"rendered":"<p>Impressum Impressum Klarsichtreinigung ist eine Dienstleistung der Firma Loftprojektbau GmbH \u00a0Loftprojektbau GmbHTheodor-Yorck-Stra\u00dfe 421079 Hamburg\u00a0Mobil: +49 176 805 57 305info@loftprojektbau.de\u00a0Allein-Vertretungsberechtiger Gesch\u00e4ftsf\u00fchrer: Engin BarisHandelsregister: Amtsgericht Hamburg, HRB 155284Steuer-Nr.: 47\/740\/01609Umsatzsteuer-Identifikationsnummer gem\u00e4\u00df \u00a7 27a Umsatzsteuergesetz: DE (auf Anfrage) E-Mail:\u00a0info@klarsichtreinigung.de Haftung:Geb\u00e4udedienstleistung- und reinigung Inhaltlich Verantwortlicher gem\u00e4\u00df \u00a7 10 Loftprojektbau GmbHTheodor-Yorck-Stra\u00dfe 421079 Hamburg\u00a0Mobil: +49 176 805 57 305info@loftprojektbau.de\u00a0 Realisierung der Website:\u00a0Beratung&hellip;&nbsp;<a href=\"https:\/\/klarsichtreinigung.de\/?page_id=79\" class=\"\" rel=\"bookmark\">Weiterlesen &raquo;<span class=\"screen-reader-text\">Impressum<\/span><\/a><\/p>\n","protected":false},"author":1,"featured_media":0,"parent":0,"menu_order":0,"comment_status":"closed","ping_status":"closed","template":"page-templates\/template-pagebuilder-full-width.php","meta":{"_monsterinsights_skip_tracking":false,"_monsterinsights_sitenote_active":false,"_monsterinsights_sitenote_note":"","_monsterinsights_sitenote_category":0,"neve_meta_sidebar":"full-width","neve_meta_container":"","neve_meta_enable_content_width":"on","neve_meta_content_width":100,"neve_meta_title_alignment":"","neve_meta_author_avatar":"","neve_post_elements_order":"","neve_meta_disable_header":"","neve_meta_disable_footer":"","neve_meta_disable_title":""},"yoast_head":"<!-- This site is optimized with the Yoast SEO plugin v19.8 - https:\/\/yoast.com\/wordpress\/plugins\/seo\/ -->\n<title>Impressum - Klarsichtreinigung<\/title>\n<meta name=\"robots\" content=\"index, follow, max-snippet:-1, max-image-preview:large, max-video-preview:-1\" \/>\n<link rel=\"canonical\" href=\"https:\/\/klarsichtreinigung.de\/?page_id=79\" \/>\n<meta property=\"og:locale\" content=\"de_DE\" \/>\n<meta property=\"og:type\" content=\"article\" \/>\n<meta property=\"og:title\" content=\"Impressum - Klarsichtreinigung\" \/>\n<meta property=\"og:description\" content=\"Impressum Impressum Klarsichtreinigung ist eine Dienstleistung der Firma Loftprojektbau GmbH \u00a0Loftprojektbau GmbHTheodor-Yorck-Stra\u00dfe 421079 Hamburg\u00a0Mobil: +49 176 805 57 305info@loftprojektbau.de\u00a0Allein-Vertretungsberechtiger Gesch\u00e4ftsf\u00fchrer: Engin BarisHandelsregister: Amtsgericht Hamburg, HRB 155284Steuer-Nr.: 47\/740\/01609Umsatzsteuer-Identifikationsnummer gem\u00e4\u00df \u00a7 27a Umsatzsteuergesetz: DE (auf Anfrage) E-Mail:\u00a0info@klarsichtreinigung.de Haftung:Geb\u00e4udedienstleistung- und reinigung Inhaltlich Verantwortlicher gem\u00e4\u00df \u00a7 10 Loftprojektbau GmbHTheodor-Yorck-Stra\u00dfe 421079 Hamburg\u00a0Mobil: +49 176 805 57 305info@loftprojektbau.de\u00a0 Realisierung der Website:\u00a0Beratung&hellip;&nbsp;Weiterlesen &raquo;Impressum\" \/>\n<meta property=\"og:url\" content=\"https:\/\/klarsichtreinigung.de\/?page_id=79\" \/>\n<meta property=\"og:site_name\" content=\"Klarsichtreinigung\" \/>\n<meta property=\"article:modified_time\" content=\"2020-03-28T13:50:31+00:00\" \/>\n<meta name=\"twitter:card\" content=\"summary_large_image\" \/>\n<meta name=\"twitter:label1\" content=\"Gesch\u00e4tzte Lesezeit\" \/>\n\t<meta name=\"twitter:data1\" content=\"1\u00a0Minute\" \/>\n<script type=\"application\/ld+json\" class=\"yoast-schema-graph\">{\"@context\":\"https:\/\/schema.org\",\"@graph\":[{\"@type\":\"WebPage\",\"@id\":\"https:\/\/klarsichtreinigung.de\/?page_id=79\",\"url\":\"https:\/\/klarsichtreinigung.de\/?page_id=79\",\"name\":\"Impressum - Klarsichtreinigung\",\"isPartOf\":{\"@id\":\"https:\/\/klarsichtreinigung.de\/#website\"},\"datePublished\":\"2020-03-24T16:35:42+00:00\",\"dateModified\":\"2020-03-28T13:50:31+00:00\",\"breadcrumb\":{\"@id\":\"https:\/\/klarsichtreinigung.de\/?page_id=79#breadcrumb\"},\"inLanguage\":\"de\",\"potentialAction\":[{\"@type\":\"ReadAction\",\"target\":[\"https:\/\/klarsichtreinigung.de\/?page_id=79\"]}]},{\"@type\":\"BreadcrumbList\",\"@id\":\"https:\/\/klarsichtreinigung.de\/?page_id=79#breadcrumb\",\"itemListElement\":[{\"@type\":\"ListItem\",\"position\":1,\"name\":\"Startseite\",\"item\":\"https:\/\/klarsichtreinigung.de\/\"},{\"@type\":\"ListItem\",\"position\":2,\"name\":\"Impressum\"}]},{\"@type\":\"WebSite\",\"@id\":\"https:\/\/klarsichtreinigung.de\/#website\",\"url\":\"https:\/\/klarsichtreinigung.de\/\",\"name\":\"Klarsichtreinigung\",\"description\":\"Wir schaffen Klarheit\",\"publisher\":{\"@id\":\"https:\/\/klarsichtreinigung.de\/#organization\"},\"potentialAction\":[{\"@type\":\"SearchAction\",\"target\":{\"@type\":\"EntryPoint\",\"urlTemplate\":\"https:\/\/klarsichtreinigung.de\/?s={search_term_string}\"},\"query-input\":\"required name=search_term_string\"}],\"inLanguage\":\"de\"},{\"@type\":\"Organization\",\"@id\":\"https:\/\/klarsichtreinigung.de\/#organization\",\"name\":\"Klarsichtreinigung\",\"url\":\"https:\/\/klarsichtreinigung.de\/\",\"sameAs\":[],\"logo\":{\"@type\":\"ImageObject\",\"inLanguage\":\"de\",\"@id\":\"https:\/\/klarsichtreinigung.de\/#\/schema\/logo\/image\/\",\"url\":\"https:\/\/klarsichtreinigung.de\/wp-content\/uploads\/2020\/03\/cropped-Element-1@4x.png\",\"contentUrl\":\"https:\/\/klarsichtreinigung.de\/wp-content\/uploads\/2020\/03\/cropped-Element-1@4x.png\",\"width\":2952,\"height\":2952,\"caption\":\"Klarsichtreinigung\"},\"image\":{\"@id\":\"https:\/\/klarsichtreinigung.de\/#\/schema\/logo\/image\/\"}}]}<\/script>\n<!-- \/ Yoast SEO plugin. -->","yoast_head_json":{"title":"Impressum - Klarsichtreinigung","robots":{"index":"index","follow":"follow","max-snippet":"max-snippet:-1","max-image-preview":"max-image-preview:large","max-video-preview":"max-video-preview:-1"},"canonical":"https:\/\/klarsichtreinigung.de\/?page_id=79","og_locale":"de_DE","og_type":"article","og_title":"Impressum - Klarsichtreinigung","og_description":"Impressum Impressum Klarsichtreinigung ist eine Dienstleistung der Firma Loftprojektbau GmbH \u00a0Loftprojektbau GmbHTheodor-Yorck-Stra\u00dfe 421079 Hamburg\u00a0Mobil: +49 176 805 57 305info@loftprojektbau.de\u00a0Allein-Vertretungsberechtiger Gesch\u00e4ftsf\u00fchrer: Engin BarisHandelsregister: Amtsgericht Hamburg, HRB 155284Steuer-Nr.: 47\/740\/01609Umsatzsteuer-Identifikationsnummer gem\u00e4\u00df \u00a7 27a Umsatzsteuergesetz: DE (auf Anfrage) E-Mail:\u00a0info@klarsichtreinigung.de Haftung:Geb\u00e4udedienstleistung- und reinigung Inhaltlich Verantwortlicher gem\u00e4\u00df \u00a7 10 Loftprojektbau GmbHTheodor-Yorck-Stra\u00dfe 421079 Hamburg\u00a0Mobil: +49 176 805 57 305info@loftprojektbau.de\u00a0 Realisierung der Website:\u00a0Beratung&hellip;&nbsp;Weiterlesen &raquo;Impressum","og_url":"https:\/\/klarsichtreinigung.de\/?page_id=79","og_site_name":"Klarsichtreinigung","article_modified_time":"2020-03-28T13:50:31+00:00","twitter_card":"summary_large_image","twitter_misc":{"Gesch\u00e4tzte Lesezeit":"1\u00a0Minute"},"schema":{"@context":"https:\/\/schema.org","@graph":[{"@type":"WebPage","@id":"https:\/\/klarsichtreinigung.de\/?page_id=79","url":"https:\/\/klarsichtreinigung.de\/?page_id=79","name":"Impressum - Klarsichtreinigung","isPartOf":{"@id":"https:\/\/klarsichtreinigung.de\/#website"},"datePublished":"2020-03-24T16:35:42+00:00","dateModified":"2020-03-28T13:50:31+00:00","breadcrumb":{"@id":"https:\/\/klarsichtreinigung.de\/?page_id=79#breadcrumb"},"inLanguage":"de","potentialAction":[{"@type":"ReadAction","target":["https:\/\/klarsichtreinigung.de\/?page_id=79"]}]},{"@type":"BreadcrumbList","@id":"https:\/\/klarsichtreinigung.de\/?page_id=79#breadcrumb","itemListElement":[{"@type":"ListItem","position":1,"name":"Startseite","item":"https:\/\/klarsichtreinigung.de\/"},{"@type":"ListItem","position":2,"name":"Impressum"}]},{"@type":"WebSite","@id":"https:\/\/klarsichtreinigung.de\/#website","url":"https:\/\/klarsichtreinigung.de\/","name":"Klarsichtreinigung","description":"Wir schaffen Klarheit","publisher":{"@id":"https:\/\/klarsichtreinigung.de\/#organization"},"potentialAction":[{"@type":"SearchAction","target":{"@type":"EntryPoint","urlTemplate":"https:\/\/klarsichtreinigung.de\/?s={search_term_string}"},"query-input":"required name=search_term_string"}],"inLanguage":"de"},{"@type":"Organization","@id":"https:\/\/klarsichtreinigung.de\/#organization","name":"Klarsichtreinigung","url":"https:\/\/klarsichtreinigung.de\/","sameAs":[],"logo":{"@type":"ImageObject","inLanguage":"de","@id":"https:\/\/klarsichtreinigung.de\/#\/schema\/logo\/image\/","url":"https:\/\/klarsichtreinigung.de\/wp-content\/uploads\/2020\/03\/cropped-Element-1@4x.png","contentUrl":"https:\/\/klarsichtreinigung.de\/wp-content\/uploads\/2020\/03\/cropped-Element-1@4x.png","width":2952,"height":2952,"caption":"Klarsichtreinigung"},"image":{"@id":"https:\/\/klarsichtreinigung.de\/#\/schema\/logo\/image\/"}}]}},"_links":{"self":[{"href":"https:\/\/klarsichtreinigung.de\/index.php?rest_route=\/wp\/v2\/pages\/79"}],"collection":[{"href":"https:\/\/klarsichtreinigung.de\/index.php?rest_route=\/wp\/v2\/pages"}],"about":[{"href":"https:\/\/klarsichtreinigung.de\/index.php?rest_route=\/wp\/v2\/types\/page"}],"author":[{"embeddable":true,"href":"https:\/\/klarsichtreinigung.de\/index.php?rest_route=\/wp\/v2\/users\/1"}],"replies":[{"embeddable":true,"href":"https:\/\/klarsichtreinigung.de\/index.php?rest_route=%2Fwp%2Fv2%2Fcomments&post=79"}],"version-history":[{"count":10,"href":"https:\/\/klarsichtreinigung.de\/index.php?rest_route=\/wp\/v2\/pages\/79\/revisions"}],"predecessor-version":[{"id":156,"href":"https:\/\/klarsichtreinigung.de\/index.php?rest_route=\/wp\/v2\/pages\/79\/revisions\/156"}],"wp:attachment":[{"href":"https:\/\/klarsichtreinigung.de\/index.php?rest_route=%2Fwp%2Fv2%2Fmedia&parent=79"}],"curies":[{"name":"wp","href":"https:\/\/api.w.org\/{rel}","templated":true}]}}