{"id":120,"date":"2020-03-25T07:29:38","date_gmt":"2020-03-25T07:29:38","guid":{"rendered":"https:\/\/klarsichtreinigung.de\/?page_id=120"},"modified":"2020-03-27T19:33:44","modified_gmt":"2020-03-27T19:33:44","slug":"leistungen","status":"publish","type":"page","link":"https:\/\/klarsichtreinigung.de\/?page_id=120","title":{"rendered":"Leistungen"},"content":{"rendered":"\t\t<div data-elementor-type=\"wp-page\" data-elementor-id=\"120\" class=\"elementor elementor-120\">\n\t\t\t\t\t\t<div class=\"elementor-inner\">\n\t\t\t\t<div class=\"elementor-section-wrap\">\n\t\t\t\t\t\t\t\t\t<section class=\"elementor-section elementor-top-section elementor-element elementor-element-e5b6985 elementor-section-boxed elementor-section-height-default elementor-section-height-default\" data-id=\"e5b6985\" data-element_type=\"section\">\n\t\t\t\t\t\t<div class=\"elementor-container elementor-column-gap-default\">\n\t\t\t\t\t\t\t<div class=\"elementor-row\">\n\t\t\t\t\t<div class=\"elementor-column elementor-col-100 elementor-top-column elementor-element elementor-element-46f4ee9\" data-id=\"46f4ee9\" data-element_type=\"column\">\n\t\t\t<div class=\"elementor-column-wrap elementor-element-populated\">\n\t\t\t\t\t\t\t<div class=\"elementor-widget-wrap\">\n\t\t\t\t\t\t<section class=\"elementor-section elementor-inner-section elementor-element elementor-element-c1a1527 elementor-section-boxed elementor-section-height-default elementor-section-height-default\" data-id=\"c1a1527\" data-element_type=\"section\">\n\t\t\t\t\t\t<div class=\"elementor-container elementor-column-gap-default\">\n\t\t\t\t\t\t\t<div class=\"elementor-row\">\n\t\t\t\t\t<div class=\"elementor-column elementor-col-50 elementor-inner-column elementor-element elementor-element-c5d62a3\" data-id=\"c5d62a3\" data-element_type=\"column\">\n\t\t\t<div class=\"elementor-column-wrap elementor-element-populated\">\n\t\t\t\t\t\t\t<div class=\"elementor-widget-wrap\">\n\t\t\t\t\t\t<div class=\"elementor-element elementor-element-c84747f elementor-widget elementor-widget-text-editor\" data-id=\"c84747f\" data-element_type=\"widget\" data-widget_type=\"text-editor.default\">\n\t\t\t\t<div class=\"elementor-widget-container\">\n\t\t\t\t\t\t\t\t<div class=\"elementor-text-editor elementor-clearfix\">\n\t\t\t\t<p><span class=\"JsGRdQ\">Wir bieten Ihnen ein gro\u00dfes Leistungsspektrum von<\/span><\/p><p>\u00a0<\/p><ul><li style=\"list-style-type: none;\"><ul><li class=\"_04xlpA direction-ltr align-start para-style-body\"><span class=\"JsGRdQ\">Bauendreinigung<\/span><\/li><li class=\"_04xlpA direction-ltr align-start para-style-body\"><span class=\"JsGRdQ\">B\u00fcroreinigung<\/span><\/li><li class=\"_04xlpA direction-ltr align-start para-style-body\"><span class=\"JsGRdQ\">Glasreinigung<\/span><\/li><li class=\"_04xlpA direction-ltr align-start para-style-body\"><span class=\"JsGRdQ\">Praxisreinigung<\/span><\/li><li class=\"_04xlpA direction-ltr align-start para-style-body\"><span class=\"JsGRdQ\">Geb\u00e4udereinigungen<\/span><\/li><li class=\"_04xlpA direction-ltr align-start para-style-body\"><span class=\"JsGRdQ\">Treppenhausreinigung<\/span><\/li><li class=\"_04xlpA direction-ltr align-start para-style-body\"><span class=\"JsGRdQ\">Gewerbliche Reinigungen<\/span><\/li><li class=\"_04xlpA direction-ltr align-start para-style-body\"><span class=\"JsGRdQ\">Sportanlagenreinigungen<\/span><\/li><\/ul><\/li><\/ul><p>\u00a0<\/p><p>und noch vieles mehr an.<\/p>\t\t\t\t\t<\/div>\n\t\t\t\t\t\t<\/div>\n\t\t\t\t<\/div>\n\t\t\t\t\t\t<\/div>\n\t\t\t\t\t<\/div>\n\t\t<\/div>\n\t\t\t\t<div class=\"elementor-column elementor-col-50 elementor-inner-column elementor-element elementor-element-f990f9a\" data-id=\"f990f9a\" data-element_type=\"column\">\n\t\t\t<div class=\"elementor-column-wrap elementor-element-populated\">\n\t\t\t\t\t\t\t<div class=\"elementor-widget-wrap\">\n\t\t\t\t\t\t<div class=\"elementor-element elementor-element-a397370 elementor-widget elementor-widget-image\" data-id=\"a397370\" data-element_type=\"widget\" data-widget_type=\"image.default\">\n\t\t\t\t<div class=\"elementor-widget-container\">\n\t\t\t\t\t\t\t\t<div class=\"elementor-image\">\n\t\t\t\t\t\t\t\t\t\t\t\t<img width=\"1024\" height=\"683\" src=\"https:\/\/klarsichtreinigung.de\/wp-content\/uploads\/2020\/03\/jeshoots-com-LtNvQHdKkmw-unsplash-1024x683.jpg\" class=\"attachment-large size-large\" alt=\"\" loading=\"lazy\" srcset=\"https:\/\/klarsichtreinigung.de\/wp-content\/uploads\/2020\/03\/jeshoots-com-LtNvQHdKkmw-unsplash-1024x683.jpg 1024w, https:\/\/klarsichtreinigung.de\/wp-content\/uploads\/2020\/03\/jeshoots-com-LtNvQHdKkmw-unsplash-300x200.jpg 300w, https:\/\/klarsichtreinigung.de\/wp-content\/uploads\/2020\/03\/jeshoots-com-LtNvQHdKkmw-unsplash-768x512.jpg 768w, https:\/\/klarsichtreinigung.de\/wp-content\/uploads\/2020\/03\/jeshoots-com-LtNvQHdKkmw-unsplash-930x620.jpg 930w\" sizes=\"(max-width: 1024px) 100vw, 1024px\" \/>\t\t\t\t\t\t\t\t\t\t\t\t\t\t<\/div>\n\t\t\t\t\t\t<\/div>\n\t\t\t\t<\/div>\n\t\t\t\t\t\t<\/div>\n\t\t\t\t\t<\/div>\n\t\t<\/div>\n\t\t\t\t\t\t\t\t<\/div>\n\t\t\t\t\t<\/div>\n\t\t<\/section>\n\t\t\t\t\t\t<\/div>\n\t\t\t\t\t<\/div>\n\t\t<\/div>\n\t\t\t\t\t\t\t\t<\/div>\n\t\t\t\t\t<\/div>\n\t\t<\/section>\n\t\t\t\t<section class=\"elementor-section elementor-top-section elementor-element elementor-element-c79c7ab elementor-section-boxed elementor-section-height-default elementor-section-height-default\" data-id=\"c79c7ab\" data-element_type=\"section\" data-settings=\"{&quot;background_background&quot;:&quot;classic&quot;}\">\n\t\t\t\t\t\t<div class=\"elementor-container elementor-column-gap-default\">\n\t\t\t\t\t\t\t<div class=\"elementor-row\">\n\t\t\t\t\t<div class=\"elementor-column elementor-col-100 elementor-top-column elementor-element elementor-element-01e778b\" data-id=\"01e778b\" data-element_type=\"column\">\n\t\t\t<div class=\"elementor-column-wrap elementor-element-populated\">\n\t\t\t\t\t\t\t<div class=\"elementor-widget-wrap\">\n\t\t\t\t\t\t<div class=\"elementor-element elementor-element-90895f6 elementor-widget elementor-widget-heading\" data-id=\"90895f6\" data-element_type=\"widget\" data-widget_type=\"heading.default\">\n\t\t\t\t<div class=\"elementor-widget-container\">\n\t\t\t<h2 class=\"elementor-heading-title elementor-size-default\">Was k\u00f6nnen wir f\u00fcr Sie tun?<\/h2>\t\t<\/div>\n\t\t\t\t<\/div>\n\t\t\t\t<div class=\"elementor-element elementor-element-ed89c80 elementor-widget elementor-widget-text-editor\" data-id=\"ed89c80\" data-element_type=\"widget\" data-widget_type=\"text-editor.default\">\n\t\t\t\t<div class=\"elementor-widget-container\">\n\t\t\t\t\t\t\t\t<div class=\"elementor-text-editor elementor-clearfix\">\n\t\t\t\t<p>F\u00fcr ein kostenloses Erstgespr\u00e4ch rufen Sie uns gerne an, oder schreiben Sie uns eine E-Mail.<\/p>\t\t\t\t\t<\/div>\n\t\t\t\t\t\t<\/div>\n\t\t\t\t<\/div>\n\t\t\t\t<div class=\"elementor-element elementor-element-8de8c63 elementor-align-center elementor-mobile-align-justify elementor-widget elementor-widget-button\" data-id=\"8de8c63\" data-element_type=\"widget\" data-widget_type=\"button.default\">\n\t\t\t\t<div class=\"elementor-widget-container\">\n\t\t\t\t\t<div class=\"elementor-button-wrapper\">\n\t\t\t<a href=\"https:\/\/klarsichtreinigung.de\/?page_id=32\" class=\"elementor-button-link elementor-button elementor-size-lg\" role=\"button\">\n\t\t\t\t\t\t<span class=\"elementor-button-content-wrapper\">\n\t\t\t\t\t\t<span class=\"elementor-button-text\">Kontakt<\/span>\n\t\t<\/span>\n\t\t\t\t\t<\/a>\n\t\t<\/div>\n\t\t\t\t<\/div>\n\t\t\t\t<\/div>\n\t\t\t\t\t\t<\/div>\n\t\t\t\t\t<\/div>\n\t\t<\/div>\n\t\t\t\t\t\t\t\t<\/div>\n\t\t\t\t\t<\/div>\n\t\t<\/section>\n\t\t\t\t\t\t\t\t\t<\/div>\n\t\t\t<\/div>\n\t\t\t\t\t<\/div>\n\t\t","protected":false},"excerpt":{"rendered":"<p>Wir bieten Ihnen ein gro\u00dfes Leistungsspektrum von Bauendreinigung B\u00fcroreinigung Glasreinigung Praxisreinigung Geb\u00e4udereinigungen Treppenhausreinigung Gewerbliche Reinigungen Sportanlagenreinigungen und noch vieles mehr an. Was k\u00f6nnen wir f\u00fcr Sie tun? F\u00fcr ein kostenloses Erstgespr\u00e4ch rufen Sie uns gerne an, oder schreiben Sie uns eine E-Mail. Kontakt<\/p>\n","protected":false},"author":1,"featured_media":0,"parent":0,"menu_order":0,"comment_status":"closed","ping_status":"closed","template":"page-templates\/template-pagebuilder-full-width.php","meta":{"_monsterinsights_skip_tracking":false,"_monsterinsights_sitenote_active":false,"_monsterinsights_sitenote_note":"","_monsterinsights_sitenote_category":0,"neve_meta_sidebar":"full-width","neve_meta_container":"","neve_meta_enable_content_width":"on","neve_meta_content_width":100,"neve_meta_title_alignment":"","neve_meta_author_avatar":"","neve_post_elements_order":"","neve_meta_disable_header":"","neve_meta_disable_footer":"","neve_meta_disable_title":""},"yoast_head":"<!-- This site is optimized with the Yoast SEO plugin v19.8 - https:\/\/yoast.com\/wordpress\/plugins\/seo\/ -->\n<title>Leistungen - Klarsichtreinigung<\/title>\n<meta name=\"robots\" content=\"index, follow, max-snippet:-1, max-image-preview:large, max-video-preview:-1\" \/>\n<link rel=\"canonical\" href=\"https:\/\/klarsichtreinigung.de\/?page_id=120\" \/>\n<meta property=\"og:locale\" content=\"de_DE\" \/>\n<meta property=\"og:type\" content=\"article\" \/>\n<meta property=\"og:title\" content=\"Leistungen - Klarsichtreinigung\" \/>\n<meta property=\"og:description\" content=\"Wir bieten Ihnen ein gro\u00dfes Leistungsspektrum von Bauendreinigung B\u00fcroreinigung Glasreinigung Praxisreinigung Geb\u00e4udereinigungen Treppenhausreinigung Gewerbliche Reinigungen Sportanlagenreinigungen und noch vieles mehr an. Was k\u00f6nnen wir f\u00fcr Sie tun? F\u00fcr ein kostenloses Erstgespr\u00e4ch rufen Sie uns gerne an, oder schreiben Sie uns eine E-Mail. Kontakt\" \/>\n<meta property=\"og:url\" content=\"https:\/\/klarsichtreinigung.de\/?page_id=120\" \/>\n<meta property=\"og:site_name\" content=\"Klarsichtreinigung\" \/>\n<meta property=\"article:modified_time\" content=\"2020-03-27T19:33:44+00:00\" \/>\n<meta property=\"og:image\" content=\"https:\/\/klarsichtreinigung.de\/wp-content\/uploads\/2020\/03\/jeshoots-com-LtNvQHdKkmw-unsplash-1024x683.jpg\" \/>\n<meta name=\"twitter:card\" content=\"summary_large_image\" \/>\n<script type=\"application\/ld+json\" class=\"yoast-schema-graph\">{\"@context\":\"https:\/\/schema.org\",\"@graph\":[{\"@type\":\"WebPage\",\"@id\":\"https:\/\/klarsichtreinigung.de\/?page_id=120\",\"url\":\"https:\/\/klarsichtreinigung.de\/?page_id=120\",\"name\":\"Leistungen - Klarsichtreinigung\",\"isPartOf\":{\"@id\":\"https:\/\/klarsichtreinigung.de\/#website\"},\"datePublished\":\"2020-03-25T07:29:38+00:00\",\"dateModified\":\"2020-03-27T19:33:44+00:00\",\"breadcrumb\":{\"@id\":\"https:\/\/klarsichtreinigung.de\/?page_id=120#breadcrumb\"},\"inLanguage\":\"de\",\"potentialAction\":[{\"@type\":\"ReadAction\",\"target\":[\"https:\/\/klarsichtreinigung.de\/?page_id=120\"]}]},{\"@type\":\"BreadcrumbList\",\"@id\":\"https:\/\/klarsichtreinigung.de\/?page_id=120#breadcrumb\",\"itemListElement\":[{\"@type\":\"ListItem\",\"position\":1,\"name\":\"Startseite\",\"item\":\"https:\/\/klarsichtreinigung.de\/\"},{\"@type\":\"ListItem\",\"position\":2,\"name\":\"Leistungen\"}]},{\"@type\":\"WebSite\",\"@id\":\"https:\/\/klarsichtreinigung.de\/#website\",\"url\":\"https:\/\/klarsichtreinigung.de\/\",\"name\":\"Klarsichtreinigung\",\"description\":\"Wir schaffen Klarheit\",\"publisher\":{\"@id\":\"https:\/\/klarsichtreinigung.de\/#organization\"},\"potentialAction\":[{\"@type\":\"SearchAction\",\"target\":{\"@type\":\"EntryPoint\",\"urlTemplate\":\"https:\/\/klarsichtreinigung.de\/?s={search_term_string}\"},\"query-input\":\"required name=search_term_string\"}],\"inLanguage\":\"de\"},{\"@type\":\"Organization\",\"@id\":\"https:\/\/klarsichtreinigung.de\/#organization\",\"name\":\"Klarsichtreinigung\",\"url\":\"https:\/\/klarsichtreinigung.de\/\",\"sameAs\":[],\"logo\":{\"@type\":\"ImageObject\",\"inLanguage\":\"de\",\"@id\":\"https:\/\/klarsichtreinigung.de\/#\/schema\/logo\/image\/\",\"url\":\"https:\/\/klarsichtreinigung.de\/wp-content\/uploads\/2020\/03\/cropped-Element-1@4x.png\",\"contentUrl\":\"https:\/\/klarsichtreinigung.de\/wp-content\/uploads\/2020\/03\/cropped-Element-1@4x.png\",\"width\":2952,\"height\":2952,\"caption\":\"Klarsichtreinigung\"},\"image\":{\"@id\":\"https:\/\/klarsichtreinigung.de\/#\/schema\/logo\/image\/\"}}]}<\/script>\n<!-- \/ Yoast SEO plugin. -->","yoast_head_json":{"title":"Leistungen - Klarsichtreinigung","robots":{"index":"index","follow":"follow","max-snippet":"max-snippet:-1","max-image-preview":"max-image-preview:large","max-video-preview":"max-video-preview:-1"},"canonical":"https:\/\/klarsichtreinigung.de\/?page_id=120","og_locale":"de_DE","og_type":"article","og_title":"Leistungen - Klarsichtreinigung","og_description":"Wir bieten Ihnen ein gro\u00dfes Leistungsspektrum von Bauendreinigung B\u00fcroreinigung Glasreinigung Praxisreinigung Geb\u00e4udereinigungen Treppenhausreinigung Gewerbliche Reinigungen Sportanlagenreinigungen und noch vieles mehr an. Was k\u00f6nnen wir f\u00fcr Sie tun? F\u00fcr ein kostenloses Erstgespr\u00e4ch rufen Sie uns gerne an, oder schreiben Sie uns eine E-Mail. Kontakt","og_url":"https:\/\/klarsichtreinigung.de\/?page_id=120","og_site_name":"Klarsichtreinigung","article_modified_time":"2020-03-27T19:33:44+00:00","og_image":[{"url":"https:\/\/klarsichtreinigung.de\/wp-content\/uploads\/2020\/03\/jeshoots-com-LtNvQHdKkmw-unsplash-1024x683.jpg"}],"twitter_card":"summary_large_image","schema":{"@context":"https:\/\/schema.org","@graph":[{"@type":"WebPage","@id":"https:\/\/klarsichtreinigung.de\/?page_id=120","url":"https:\/\/klarsichtreinigung.de\/?page_id=120","name":"Leistungen - Klarsichtreinigung","isPartOf":{"@id":"https:\/\/klarsichtreinigung.de\/#website"},"datePublished":"2020-03-25T07:29:38+00:00","dateModified":"2020-03-27T19:33:44+00:00","breadcrumb":{"@id":"https:\/\/klarsichtreinigung.de\/?page_id=120#breadcrumb"},"inLanguage":"de","potentialAction":[{"@type":"ReadAction","target":["https:\/\/klarsichtreinigung.de\/?page_id=120"]}]},{"@type":"BreadcrumbList","@id":"https:\/\/klarsichtreinigung.de\/?page_id=120#breadcrumb","itemListElement":[{"@type":"ListItem","position":1,"name":"Startseite","item":"https:\/\/klarsichtreinigung.de\/"},{"@type":"ListItem","position":2,"name":"Leistungen"}]},{"@type":"WebSite","@id":"https:\/\/klarsichtreinigung.de\/#website","url":"https:\/\/klarsichtreinigung.de\/","name":"Klarsichtreinigung","description":"Wir schaffen Klarheit","publisher":{"@id":"https:\/\/klarsichtreinigung.de\/#organization"},"potentialAction":[{"@type":"SearchAction","target":{"@type":"EntryPoint","urlTemplate":"https:\/\/klarsichtreinigung.de\/?s={search_term_string}"},"query-input":"required name=search_term_string"}],"inLanguage":"de"},{"@type":"Organization","@id":"https:\/\/klarsichtreinigung.de\/#organization","name":"Klarsichtreinigung","url":"https:\/\/klarsichtreinigung.de\/","sameAs":[],"logo":{"@type":"ImageObject","inLanguage":"de","@id":"https:\/\/klarsichtreinigung.de\/#\/schema\/logo\/image\/","url":"https:\/\/klarsichtreinigung.de\/wp-content\/uploads\/2020\/03\/cropped-Element-1@4x.png","contentUrl":"https:\/\/klarsichtreinigung.de\/wp-content\/uploads\/2020\/03\/cropped-Element-1@4x.png","width":2952,"height":2952,"caption":"Klarsichtreinigung"},"image":{"@id":"https:\/\/klarsichtreinigung.de\/#\/schema\/logo\/image\/"}}]}},"_links":{"self":[{"href":"https:\/\/klarsichtreinigung.de\/index.php?rest_route=\/wp\/v2\/pages\/120"}],"collection":[{"href":"https:\/\/klarsichtreinigung.de\/index.php?rest_route=\/wp\/v2\/pages"}],"about":[{"href":"https:\/\/klarsichtreinigung.de\/index.php?rest_route=\/wp\/v2\/types\/page"}],"author":[{"embeddable":true,"href":"https:\/\/klarsichtreinigung.de\/index.php?rest_route=\/wp\/v2\/users\/1"}],"replies":[{"embeddable":true,"href":"https:\/\/klarsichtreinigung.de\/index.php?rest_route=%2Fwp%2Fv2%2Fcomments&post=120"}],"version-history":[{"count":5,"href":"https:\/\/klarsichtreinigung.de\/index.php?rest_route=\/wp\/v2\/pages\/120\/revisions"}],"predecessor-version":[{"id":137,"href":"https:\/\/klarsichtreinigung.de\/index.php?rest_route=\/wp\/v2\/pages\/120\/revisions\/137"}],"wp:attachment":[{"href":"https:\/\/klarsichtreinigung.de\/index.php?rest_route=%2Fwp%2Fv2%2Fmedia&parent=120"}],"curies":[{"name":"wp","href":"https:\/\/api.w.org\/{rel}","templated":true}]}}